{"id":150,"date":"2021-09-11T19:38:50","date_gmt":"2021-09-11T19:38:50","guid":{"rendered":"https:\/\/www.zeasbrezna.cz\/?page_id=150"},"modified":"2025-09-29T19:44:27","modified_gmt":"2025-09-29T18:44:27","slug":"aktuality","status":"publish","type":"page","link":"https:\/\/www.zeasbrezna.cz\/","title":{"rendered":"Aktuality"},"content":{"rendered":"\n<p><\/p>\n\n\n\n<p><strong>15.8.2025<\/strong><\/p>\n\n\n\n<p>Prohl\u00e1\u0161en\u00ed p\u0159edstavenstva a dozor\u010d\u00ed rady spole\u010dnosti ZEAS B\u0159ezn\u00e1 a.s.<\/p>\n\n\n\n<div class=\"wp-block-file\"><a id=\"wp-block-file--media-2d6c217c-067c-4fd1-a9cb-3ad3afb67698\" href=\"https:\/\/www.zeasbrezna.cz\/wp-content\/uploads\/2025\/08\/Prohlaseni_predstavenstva_a_dozorci_rady_2025-08-15.pdf\">Prohl\u00e1\u0161en\u00ed p\u0159edstavenstva a dozor\u010d\u00ed rady<\/a><a href=\"https:\/\/www.zeasbrezna.cz\/wp-content\/uploads\/2025\/08\/Prohlaseni_predstavenstva_a_dozorci_rady_2025-08-15.pdf\" class=\"wp-block-file__button wp-element-button\" download aria-describedby=\"wp-block-file--media-2d6c217c-067c-4fd1-a9cb-3ad3afb67698\">St\u00e1hnout<\/a><\/div>\n\n\n\n<hr class=\"wp-block-separator has-alpha-channel-opacity is-style-wide\" \/>\n\n\n\n<p><\/p>\n","protected":false},"excerpt":{"rendered":"<p>15.8.2025 Prohl\u00e1\u0161en\u00ed p\u0159edstavenstva a dozor\u010d\u00ed rady spole\u010dnosti ZEAS B\u0159ezn\u00e1 a.s.<\/p>\n","protected":false},"author":1,"featured_media":0,"parent":0,"menu_order":0,"comment_status":"closed","ping_status":"closed","template":"","meta":{"footnotes":""},"class_list":["post-150","page","type-page","status-publish","hentry"],"_links":{"self":[{"href":"https:\/\/www.zeasbrezna.cz\/index.php\/wp-json\/wp\/v2\/pages\/150","targetHints":{"allow":["GET"]}}],"collection":[{"href":"https:\/\/www.zeasbrezna.cz\/index.php\/wp-json\/wp\/v2\/pages"}],"about":[{"href":"https:\/\/www.zeasbrezna.cz\/index.php\/wp-json\/wp\/v2\/types\/page"}],"author":[{"embeddable":true,"href":"https:\/\/www.zeasbrezna.cz\/index.php\/wp-json\/wp\/v2\/users\/1"}],"replies":[{"embeddable":true,"href":"https:\/\/www.zeasbrezna.cz\/index.php\/wp-json\/wp\/v2\/comments?post=150"}],"version-history":[{"count":33,"href":"https:\/\/www.zeasbrezna.cz\/index.php\/wp-json\/wp\/v2\/pages\/150\/revisions"}],"predecessor-version":[{"id":829,"href":"https:\/\/www.zeasbrezna.cz\/index.php\/wp-json\/wp\/v2\/pages\/150\/revisions\/829"}],"wp:attachment":[{"href":"https:\/\/www.zeasbrezna.cz\/index.php\/wp-json\/wp\/v2\/media?parent=150"}],"curies":[{"name":"wp","href":"https:\/\/api.w.org\/{rel}","templated":true}]}}