{"id":2,"date":"2021-09-08T14:09:04","date_gmt":"2021-09-08T14:09:04","guid":{"rendered":"http:\/\/localhost\/wordpress\/?page_id=2"},"modified":"2025-06-04T22:34:20","modified_gmt":"2025-06-04T21:34:20","slug":"bioplynova-stanice","status":"publish","type":"page","link":"https:\/\/www.zeasbrezna.cz\/index.php\/bioplynova-stanice\/","title":{"rendered":"Bioplynov\u00e1 stanice"},"content":{"rendered":"\n<p>Prvn\u00ed my\u0161lenka na v\u00fdstavbu bioplynov\u00e9 stanice vznikla ji\u017e v roce 2008, ale z d\u016fvodu nedostate\u010dn\u00e9 kapacity distribu\u010dn\u00ed s\u00edt\u011b mohl b\u00fdt cel\u00fd projekt zrealizov\u00e1n a\u017e v roce 2013.<\/p>\n\n\n\n<p>Bioplynov\u00e1 stanice je technologick\u00e9 za\u0159\u00edzen\u00ed, kter\u00e9 zpracov\u00e1v\u00e1 biomasu (materi\u00e1ly nebo odpady organick\u00e9ho p\u016fvodu) v reaktorech prost\u0159ednictv\u00edm \u0159\u00edzen\u00e9ho procesu anaerobn\u00ed digesce (proces, p\u0159i kter\u00e9m mikroorganismy rozkl\u00e1daj\u00ed organick\u00fd materi\u00e1l bez p\u0159\u00edstupu vzduchu). Optim\u00e1ln\u00ed teplota pro anaerobn\u00ed digesci je v\u00e1z\u00e1na na r\u016fzn\u00e9 kmeny bakteri\u00ed. Bioplyn vznikaj\u00edc\u00ed ve fermentoru je odv\u00e1d\u011bn do z\u00e1sobn\u00edku a upravov\u00e1n pro dal\u0161\u00ed vyu\u017eit\u00ed \u2013 spalov\u00e1n\u00ed, p\u0159i kter\u00e9m je v\u00fdslednou energi\u00ed bu\u010f vznikl\u00e9 teplo, nebo v p\u0159\u00edpad\u011b kogenera\u010dn\u00edho za\u0159\u00edzen\u00ed jako je u n\u00e1s, teplo i elekt\u0159ina.<\/p>\n\n\n\n<p>Produktem anaerobn\u00ed digesce je p\u0159edev\u0161\u00edm bioplyn, d\u00e1le tzv. digest\u00e1t (tuh\u00fd zbytek po vyhnit\u00ed) a fug\u00e1t (tekut\u00fd zbytek po vyhnit\u00ed). Bioplyn m\u00e1 v\u00fdh\u0159evnost v intervalu 18 \u2013 26 MJ\/m3, jeho v\u00fdh\u0159evnost je z\u00e1visl\u00e1 na obsahu metanu (55 \u2013 70 %). Digest\u00e1t bude slou\u017eit jako kvalitn\u00ed hnojivo, fug\u00e1t m\u00e1 charakter odpadn\u00ed vody a bude v\u011bt\u0161inou odv\u00e1d\u011bn do \u010disti\u010dky odpadn\u00ed vody.<\/p>\n\n\n\n<p>V zem\u011bd\u011blstv\u00ed vznik\u00e1 velk\u00e9 mno\u017estv\u00ed biologick\u00e9ho odpadu, kter\u00fd je v\u0161ak mo\u017en\u00e9 velmi efektivn\u011b vyu\u017e\u00edt pr\u00e1v\u011b k v\u00fdrob\u011b bioplynu. Ten d\u00e1le slou\u017e\u00ed jako zdroj elektrick\u00e9 energie a tepla. V\u00fdroba bioplynu je tedy ekologick\u00e1 i ekonomick\u00e1 z\u00e1rove\u0148.<\/p>\n\n\n\n<p>V prosinci roku 2013 byl zah\u00e1jen zku\u0161ebn\u00ed provoz bioplynov\u00e9 stanice o maxim\u00e1ln\u00edm instalovan\u00e9m v\u00fdkonu 527 kW na st\u0159edisku \u017eivo\u010di\u0161n\u00e9 v\u00fdroby na B\u0159ezn\u00e9.<\/p>\n\n\n\n<p>Spr\u00e1vn\u011b provozovan\u00e1 bioplynov\u00e1 stanice nem\u00e1 negativn\u00ed vliv na sv\u00e9 okol\u00ed \u2013 neprojevuje se zv\u00fd\u0161en\u00fdm hlukem ani z\u00e1pachem a vhodn\u011b dopl\u0148uje zem\u011bd\u011blskou podnikatelskou \u010dinnost a.s.<\/p>\n\n\n\n<p><strong>Technick\u00e9 parametry bioplynov\u00e9 stanice na B\u0159ezn\u00e9<\/strong><\/p>\n\n\n\n<ul class=\"wp-block-list\"><li>V\u00fdrobn\u00ed kapacity                                                                                       Instalovan\u00fd elektrick\u00fd v\u00fdkon 550 kW                                                       Instalovan\u00fd tepeln\u00fd v\u00fdkon 569 kW                                                                  V\u00fdroba bioplynu 253 m3\/h                                                                               V\u00fdroba elekt\u0159iny 4 432 MWh\/rok                                                              V\u00fdroba tepla 16 498 GJ\/rok<\/li><\/ul>\n\n\n\n<ul class=\"wp-block-list\"><li>Vstupn\u00ed suroviny                                                                                                       Kuku\u0159i\u010dn\u00e1 sil\u00e1\u017e 2 650 t\/rok                                                                                 Travn\u00ed sil\u00e1\u017e 5 000 t\/rok                                                                                                                                                                                               Hov\u011bz\u00ed hn\u016fj 7 000 t\/ rok<\/li><\/ul>\n\n\n\n<figure class=\"wp-block-image size-large is-style-default\"><img loading=\"lazy\" decoding=\"async\" width=\"1024\" height=\"768\" src=\"https:\/\/www.zeasbrezna.cz\/wp-content\/uploads\/2021\/09\/P1020022-1024x768.jpg\" alt=\"\" class=\"wp-image-115\" srcset=\"https:\/\/www.zeasbrezna.cz\/wp-content\/uploads\/2021\/09\/P1020022-1024x768.jpg 1024w, https:\/\/www.zeasbrezna.cz\/wp-content\/uploads\/2021\/09\/P1020022-300x225.jpg 300w, https:\/\/www.zeasbrezna.cz\/wp-content\/uploads\/2021\/09\/P1020022-768x576.jpg 768w, https:\/\/www.zeasbrezna.cz\/wp-content\/uploads\/2021\/09\/P1020022-1536x1152.jpg 1536w, https:\/\/www.zeasbrezna.cz\/wp-content\/uploads\/2021\/09\/P1020022-2048x1536.jpg 2048w\" sizes=\"auto, (max-width: 1024px) 100vw, 1024px\" \/><\/figure>\n\n\n\n<figure class=\"wp-block-image size-large is-style-default\"><img loading=\"lazy\" decoding=\"async\" width=\"1024\" height=\"768\" src=\"https:\/\/www.zeasbrezna.cz\/wp-content\/uploads\/2021\/09\/P1020033-1024x768.jpg\" alt=\"\" class=\"wp-image-116\" srcset=\"https:\/\/www.zeasbrezna.cz\/wp-content\/uploads\/2021\/09\/P1020033-1024x768.jpg 1024w, https:\/\/www.zeasbrezna.cz\/wp-content\/uploads\/2021\/09\/P1020033-300x225.jpg 300w, https:\/\/www.zeasbrezna.cz\/wp-content\/uploads\/2021\/09\/P1020033-768x576.jpg 768w, https:\/\/www.zeasbrezna.cz\/wp-content\/uploads\/2021\/09\/P1020033-1536x1152.jpg 1536w, https:\/\/www.zeasbrezna.cz\/wp-content\/uploads\/2021\/09\/P1020033-2048x1536.jpg 2048w\" sizes=\"auto, (max-width: 1024px) 100vw, 1024px\" \/><\/figure>\n","protected":false},"excerpt":{"rendered":"<p>Prvn\u00ed my\u0161lenka na v\u00fdstavbu bioplynov\u00e9 stanice vznikla ji\u017e v roce 2008, ale z d\u016fvodu nedostate\u010dn\u00e9 kapacity distribu\u010dn\u00ed s\u00edt\u011b mohl b\u00fdt cel\u00fd projekt zrealizov\u00e1n a\u017e v roce 2013. Bioplynov\u00e1 stanice je technologick\u00e9 za\u0159\u00edzen\u00ed, kter\u00e9 zpracov\u00e1v\u00e1 biomasu (materi\u00e1ly nebo odpady organick\u00e9ho p\u016fvodu) v reaktorech prost\u0159ednictv\u00edm \u0159\u00edzen\u00e9ho procesu anaerobn\u00ed digesce (proces, p\u0159i kter\u00e9m mikroorganismy rozkl\u00e1daj\u00ed organick\u00fd materi\u00e1l bez p\u0159\u00edstupu vzduchu). Optim\u00e1ln\u00ed teplota pro [&hellip;]<\/p>\n","protected":false},"author":1,"featured_media":0,"parent":0,"menu_order":2,"comment_status":"closed","ping_status":"closed","template":"","meta":{"footnotes":""},"class_list":["post-2","page","type-page","status-publish","hentry"],"_links":{"self":[{"href":"https:\/\/www.zeasbrezna.cz\/index.php\/wp-json\/wp\/v2\/pages\/2","targetHints":{"allow":["GET"]}}],"collection":[{"href":"https:\/\/www.zeasbrezna.cz\/index.php\/wp-json\/wp\/v2\/pages"}],"about":[{"href":"https:\/\/www.zeasbrezna.cz\/index.php\/wp-json\/wp\/v2\/types\/page"}],"author":[{"embeddable":true,"href":"https:\/\/www.zeasbrezna.cz\/index.php\/wp-json\/wp\/v2\/users\/1"}],"replies":[{"embeddable":true,"href":"https:\/\/www.zeasbrezna.cz\/index.php\/wp-json\/wp\/v2\/comments?post=2"}],"version-history":[{"count":3,"href":"https:\/\/www.zeasbrezna.cz\/index.php\/wp-json\/wp\/v2\/pages\/2\/revisions"}],"predecessor-version":[{"id":124,"href":"https:\/\/www.zeasbrezna.cz\/index.php\/wp-json\/wp\/v2\/pages\/2\/revisions\/124"}],"wp:attachment":[{"href":"https:\/\/www.zeasbrezna.cz\/index.php\/wp-json\/wp\/v2\/media?parent=2"}],"curies":[{"name":"wp","href":"https:\/\/api.w.org\/{rel}","templated":true}]}}