{"id":47,"date":"2021-09-08T08:41:12","date_gmt":"2021-09-08T08:41:12","guid":{"rendered":"http:\/\/www.zeasbrezna.cz\/?page_id=47"},"modified":"2025-06-04T22:34:34","modified_gmt":"2025-06-04T21:34:34","slug":"zivocisna","status":"publish","type":"page","link":"https:\/\/www.zeasbrezna.cz\/index.php\/zivocisna\/","title":{"rendered":"\u017divo\u010di\u0161n\u00e1 v\u00fdroba"},"content":{"rendered":"\n<div class=\"wp-block-group alignwide\"><div class=\"wp-block-group__inner-container is-layout-flow wp-block-group-is-layout-flow\">\n<p>Na\u0161i hlavn\u00ed komoditou je v\u00fdroba ml\u00e9ka, je to komodita pracovn\u011b a materi\u00e1ln\u011b nejn\u00e1ro\u010dn\u011bj\u0161\u00ed, ale z\u00e1rove\u0148 je na n\u00ed tak\u00e9 v\u00e1z\u00e1no velk\u00e9 mno\u017estv\u00ed dal\u0161\u00edch pracovn\u00edch p\u0159\u00edle\u017eitost\u00ed. Jej\u00ed v\u00fdroba je soust\u0159ed\u011bna na jedno st\u0159edisko a to na B\u0159ezn\u00e9, kde 650 krav ro\u010dn\u011b vyprodukuje 4 mili\u00f3n\u016f litr\u016f \u010derstv\u00e9ho kravsk\u00e9ho ml\u00e9ka. Je zde pot\u0159ebn\u00e1 koncentrace, produktivita pr\u00e1ce a p\u0159irozen\u00e9 prost\u0159ed\u00ed pro zv\u00ed\u0159ata. Ml\u00e9ko o tu\u010dnosti 4,18 % s&nbsp;pr\u016fm\u011brn\u00fdm obsahem b\u00edlkovin 3,55 % je dod\u00e1v\u00e1no do ml\u00e9k\u00e1rny Agricol s.r.o. Poli\u010dka. Spole\u010dnost chov\u00e1 cca 1&nbsp;700 kus\u016f skotu.<\/p>\n\n\n\n<p>Zaji\u0161\u0165ujeme provoz ml\u00e9\u010dn\u00e9ho automatu, kter\u00fd se nach\u00e1z\u00ed v&nbsp;s\u00eddle spole\u010dnosti ve \u0160t\u00edtech.<\/p>\n\n\n\n<p>Prodej \u010derstv\u00e9ho syrov\u00e9ho kravsk\u00e9ho ml\u00e9ka v leto\u0161n\u00edm roce klesl na 42 litr\u016f denn\u011b. Ml\u00e9ko je pod pravidelnou veterin\u00e1rn\u00ed a hygienickou kontrolou, ihned po nadojen\u00ed je zchlazeno na 4 &#8211; 6 \u00b0C v&nbsp;chlad\u00edc\u00edch tanc\u00edch u&nbsp;doj\u00edrny. \u010cerstv\u00e9 ml\u00e9ko se v&nbsp;automatu prod\u00e1v\u00e1 po dobu max. 24 h od dopln\u011bn\u00ed, potom je zbytek ml\u00e9ka odvezen a tank napln\u011bn \u010derstv\u00fdm.<\/p>\n\n\n\n<p>V&nbsp;technick\u00e9m proveden\u00ed stavebn\u00edch i technologick\u00fdch \u010d\u00e1sti hospod\u00e1\u0159sk\u00fdch budov na st\u0159edisku \u017eivo\u010di\u0161n\u00e9 v\u00fdroby jsou uplatn\u011bny ve\u0161ker\u00e9 sou\u010dasn\u00e9 poznatky a principy \u201ewelfare\u201c syst\u00e9m\u016f chov\u016f skotu s&nbsp;d\u016frazem na maxim\u00e1ln\u00ed zachov\u00e1n\u00ed p\u0159\u00edsn\u00fdch ekologick\u00fdch limit\u016f a&nbsp;zlep\u0161en\u00ed pracovn\u00edch podm\u00ednek obsluhy.<\/p>\n<\/div><\/div>\n\n\n\n<figure class=\"wp-block-image size-large\"><img loading=\"lazy\" decoding=\"async\" width=\"1024\" height=\"724\" src=\"https:\/\/www.zeasbrezna.cz\/wp-content\/uploads\/2023\/10\/Zasobniky-1-pdf-1024x724.jpg\" alt=\"\" class=\"wp-image-507\"\/><\/figure>\n\n\n\n<p><\/p>\n\n\n\n<div class=\"wp-block-columns alignwide is-layout-flex wp-container-core-columns-is-layout-9d6595d7 wp-block-columns-is-layout-flex\">\n<div class=\"wp-block-column is-vertically-aligned-top is-layout-flow wp-block-column-is-layout-flow\">\n<div class=\"wp-block-group\"><div class=\"wp-block-group__inner-container is-layout-flow wp-block-group-is-layout-flow\">\n<figure class=\"wp-block-image alignfull size-large\"><img loading=\"lazy\" decoding=\"async\" width=\"1024\" height=\"768\" src=\"https:\/\/www.zeasbrezna.cz\/wp-content\/uploads\/2021\/09\/P1000735-1-1024x768.jpg\" alt=\"\" class=\"wp-image-70\" srcset=\"https:\/\/www.zeasbrezna.cz\/wp-content\/uploads\/2021\/09\/P1000735-1-1024x768.jpg 1024w, https:\/\/www.zeasbrezna.cz\/wp-content\/uploads\/2021\/09\/P1000735-1-300x225.jpg 300w, https:\/\/www.zeasbrezna.cz\/wp-content\/uploads\/2021\/09\/P1000735-1-768x576.jpg 768w, https:\/\/www.zeasbrezna.cz\/wp-content\/uploads\/2021\/09\/P1000735-1-1536x1152.jpg 1536w, https:\/\/www.zeasbrezna.cz\/wp-content\/uploads\/2021\/09\/P1000735-1.jpg 2048w\" sizes=\"auto, (max-width: 1024px) 100vw, 1024px\" \/><\/figure>\n\n\n\n<h3 class=\"wp-block-heading\">Rostlinn\u00e1 v\u00fdroba<\/h3>\n\n\n\n<p>ZEAS B\u0159ezn\u00e1 a. s. hospoda\u0159\u00ed na 1.950 ha zem\u011bd\u011blsk\u00e9 p\u016fdy v&nbsp;podhorsk\u00e9 a horsk\u00e9 oblasti mezi Hrub\u00fdm Jesen\u00edkem a Orlick\u00fdmi horami, v&nbsp;nadmo\u0159sk\u00e9 v\u00fd\u0161ce 350 a\u017e 780&nbsp;m. n. m., v&nbsp;oblasti s&nbsp;pr\u016fm\u011brnou teplotou 6,7 \u00b0C, s&nbsp;v\u00edce ne\u017e 800 mm ro\u010dn\u00edch sr\u00e1\u017eek, v&nbsp;&nbsp;brambor\u00e1\u0159sko-ovesn\u00e9 v\u00fdrobn\u00ed oblasti, s&nbsp;hlinito-p\u00eds\u010dit\u00fdmi podzolov\u00fdmi p\u016fdami v&nbsp;pr\u016fm\u011brn\u00e9 cen\u011b 1,85 K\u010d za 1 m<sup>2<\/sup>.  C\u00edlem rostlinn\u00e9 v\u00fdroby je zajistit dostatek kvalitn\u00edho krmen\u00ed pro \u017eivo\u010di\u0161nou v\u00fdrobu.<\/p>\n\n\n\n<p>&nbsp;&nbsp;&nbsp;&nbsp;&nbsp;&nbsp;&nbsp;&nbsp;&nbsp;&nbsp;&nbsp; Pe\u010dujeme o r\u00e1z krajiny, \u0159\u00e1dn\u011b udr\u017eujeme pozemky a hospoda\u0159\u00edme v&nbsp;souladu se &nbsp;&nbsp; z\u00e1sadami spr\u00e1vn\u00e9 zem\u011bd\u011blsk\u00e9 praxe.<\/p>\n<\/div><\/div>\n<\/div>\n\n\n\n<div class=\"wp-block-column is-layout-flow wp-block-column-is-layout-flow\">\n<div class=\"wp-block-group\"><div class=\"wp-block-group__inner-container is-layout-flow wp-block-group-is-layout-flow\">\n<figure class=\"wp-block-image alignfull size-large\"><img loading=\"lazy\" decoding=\"async\" width=\"1024\" height=\"768\" src=\"https:\/\/www.zeasbrezna.cz\/wp-content\/uploads\/2021\/09\/P1000761-1-1024x768.jpg\" alt=\"\" class=\"wp-image-71\" srcset=\"https:\/\/www.zeasbrezna.cz\/wp-content\/uploads\/2021\/09\/P1000761-1-1024x768.jpg 1024w, https:\/\/www.zeasbrezna.cz\/wp-content\/uploads\/2021\/09\/P1000761-1-300x225.jpg 300w, https:\/\/www.zeasbrezna.cz\/wp-content\/uploads\/2021\/09\/P1000761-1-768x576.jpg 768w, https:\/\/www.zeasbrezna.cz\/wp-content\/uploads\/2021\/09\/P1000761-1-1536x1152.jpg 1536w, https:\/\/www.zeasbrezna.cz\/wp-content\/uploads\/2021\/09\/P1000761-1.jpg 2048w\" sizes=\"auto, (max-width: 1024px) 100vw, 1024px\" \/><\/figure>\n\n\n\n<div class=\"wp-block-group\"><div class=\"wp-block-group__inner-container is-layout-flow wp-block-group-is-layout-flow\">\n<figure class=\"wp-block-image size-large is-resized\"><img loading=\"lazy\" decoding=\"async\" width=\"1024\" height=\"768\" src=\"https:\/\/www.zeasbrezna.cz\/wp-content\/uploads\/2021\/09\/RV3-1-1024x768.jpg\" alt=\"\" class=\"wp-image-72\" style=\"width:579px;height:434px\" srcset=\"https:\/\/www.zeasbrezna.cz\/wp-content\/uploads\/2021\/09\/RV3-1-1024x768.jpg 1024w, https:\/\/www.zeasbrezna.cz\/wp-content\/uploads\/2021\/09\/RV3-1-300x225.jpg 300w, https:\/\/www.zeasbrezna.cz\/wp-content\/uploads\/2021\/09\/RV3-1-768x576.jpg 768w, https:\/\/www.zeasbrezna.cz\/wp-content\/uploads\/2021\/09\/RV3-1-1536x1152.jpg 1536w, https:\/\/www.zeasbrezna.cz\/wp-content\/uploads\/2021\/09\/RV3-1-2048x1536.jpg 2048w\" sizes=\"auto, (max-width: 1024px) 100vw, 1024px\" \/><\/figure>\n\n\n\n<p><\/p>\n<\/div><\/div>\n<\/div><\/div>\n\n\n\n<p><\/p>\n<\/div>\n<\/div>\n\n\n\n<figure class=\"wp-block-image alignwide size-large\"><img loading=\"lazy\" decoding=\"async\" width=\"1024\" height=\"768\" src=\"https:\/\/www.zeasbrezna.cz\/wp-content\/uploads\/2021\/09\/Jarni-prace-047-1024x768.jpg\" alt=\"\" class=\"wp-image-19\" srcset=\"https:\/\/www.zeasbrezna.cz\/wp-content\/uploads\/2021\/09\/Jarni-prace-047-1024x768.jpg 1024w, https:\/\/www.zeasbrezna.cz\/wp-content\/uploads\/2021\/09\/Jarni-prace-047-300x225.jpg 300w, https:\/\/www.zeasbrezna.cz\/wp-content\/uploads\/2021\/09\/Jarni-prace-047-768x576.jpg 768w, https:\/\/www.zeasbrezna.cz\/wp-content\/uploads\/2021\/09\/Jarni-prace-047-1536x1152.jpg 1536w, https:\/\/www.zeasbrezna.cz\/wp-content\/uploads\/2021\/09\/Jarni-prace-047-2048x1536.jpg 2048w, https:\/\/www.zeasbrezna.cz\/wp-content\/uploads\/2021\/09\/Jarni-prace-047-1200x900.jpg 1200w, https:\/\/www.zeasbrezna.cz\/wp-content\/uploads\/2021\/09\/Jarni-prace-047-1980x1485.jpg 1980w\" sizes=\"auto, (max-width: 1024px) 100vw, 1024px\" \/><\/figure>\n\n\n\n<p><\/p>\n\n\n\n<p><\/p>\n","protected":false},"excerpt":{"rendered":"<p>Na\u0161i hlavn\u00ed komoditou je v\u00fdroba ml\u00e9ka, je to komodita pracovn\u011b a materi\u00e1ln\u011b nejn\u00e1ro\u010dn\u011bj\u0161\u00ed, ale z\u00e1rove\u0148 je na n\u00ed tak\u00e9 v\u00e1z\u00e1no velk\u00e9 mno\u017estv\u00ed dal\u0161\u00edch pracovn\u00edch p\u0159\u00edle\u017eitost\u00ed. Jej\u00ed v\u00fdroba je soust\u0159ed\u011bna na jedno st\u0159edisko a to na B\u0159ezn\u00e9, kde 650 krav ro\u010dn\u011b vyprodukuje 4 mili\u00f3n\u016f litr\u016f \u010derstv\u00e9ho kravsk\u00e9ho ml\u00e9ka. Je zde pot\u0159ebn\u00e1 koncentrace, produktivita pr\u00e1ce a p\u0159irozen\u00e9 prost\u0159ed\u00ed pro zv\u00ed\u0159ata. Ml\u00e9ko o [&hellip;]<\/p>\n","protected":false},"author":1,"featured_media":23,"parent":0,"menu_order":3,"comment_status":"closed","ping_status":"closed","template":"","meta":{"footnotes":""},"class_list":["post-47","page","type-page","status-publish","has-post-thumbnail","hentry"],"_links":{"self":[{"href":"https:\/\/www.zeasbrezna.cz\/index.php\/wp-json\/wp\/v2\/pages\/47","targetHints":{"allow":["GET"]}}],"collection":[{"href":"https:\/\/www.zeasbrezna.cz\/index.php\/wp-json\/wp\/v2\/pages"}],"about":[{"href":"https:\/\/www.zeasbrezna.cz\/index.php\/wp-json\/wp\/v2\/types\/page"}],"author":[{"embeddable":true,"href":"https:\/\/www.zeasbrezna.cz\/index.php\/wp-json\/wp\/v2\/users\/1"}],"replies":[{"embeddable":true,"href":"https:\/\/www.zeasbrezna.cz\/index.php\/wp-json\/wp\/v2\/comments?post=47"}],"version-history":[{"count":9,"href":"https:\/\/www.zeasbrezna.cz\/index.php\/wp-json\/wp\/v2\/pages\/47\/revisions"}],"predecessor-version":[{"id":664,"href":"https:\/\/www.zeasbrezna.cz\/index.php\/wp-json\/wp\/v2\/pages\/47\/revisions\/664"}],"wp:featuredmedia":[{"embeddable":true,"href":"https:\/\/www.zeasbrezna.cz\/index.php\/wp-json\/wp\/v2\/media\/23"}],"wp:attachment":[{"href":"https:\/\/www.zeasbrezna.cz\/index.php\/wp-json\/wp\/v2\/media?parent=47"}],"curies":[{"name":"wp","href":"https:\/\/api.w.org\/{rel}","templated":true}]}}