{"id":49,"date":"2021-09-08T08:41:12","date_gmt":"2021-09-08T08:41:12","guid":{"rendered":"http:\/\/www.zeasbrezna.cz\/?page_id=49"},"modified":"2025-06-04T22:35:02","modified_gmt":"2025-06-04T21:35:02","slug":"kontakt","status":"publish","type":"page","link":"https:\/\/www.zeasbrezna.cz\/index.php\/kontakt\/","title":{"rendered":"Kontakt"},"content":{"rendered":"\n<h2 class=\"wp-block-heading has-vivid-green-cyan-color has-text-color\" style=\"font-size:30px\"><strong>Rostlinn\u00e1 v\u00fdroba<\/strong><\/h2>\n\n\n\n<p>Vedouc\u00ed: Kry\u0161tof Kreuziger<\/p>\n\n\n\n<p>tel: 583 440 131<\/p>\n\n\n\n<h2 class=\"wp-block-heading has-vivid-green-cyan-color has-text-color\" style=\"font-size:30px\">\u017divo\u010di\u0161n\u00e1 v\u00fdroba<\/h2>\n\n\n\n<p>Vedouc\u00ed: Ji\u0159\u00ed Posp\u00ed\u0161il<\/p>\n\n\n\n<p>tel: 737 605 664<\/p>\n\n\n\n<h2 class=\"wp-block-heading has-vivid-green-cyan-color has-text-color\" style=\"font-size:30px\">St\u0159edisko slu\u017eeb<\/h2>\n\n\n\n<p>Vedouc\u00ed: Libor Divi\u0161<\/p>\n\n\n\n<p>tel: 583 440 302<\/p>\n\n\n\n<p>Identifika\u010dn\u00ed \u010d\u00edslo provozovny: 1001877713<\/p>\n\n\n\n<p>Odpov\u011bdn\u00fd z\u00e1stupce: Vladim\u00edr Sv\u011btl\u00edk<\/p>\n\n\n\n<h2 class=\"wp-block-heading has-vivid-green-cyan-color has-text-color\" style=\"font-size:30px\">Spr\u00e1vn\u00ed st\u0159edisko<\/h2>\n\n\n\n<p>tel: 583 440 180<\/p>\n\n\n\n<h2 class=\"wp-block-heading has-vivid-green-cyan-color has-text-color\" style=\"font-size:30px\">Z\u00e1vodn\u00ed j\u00eddelna<\/h2>\n\n\n\n<p>tel: 733 180 054<\/p>\n\n\n\n<p>Identifika\u010dn\u00ed \u010d\u00edslo provozovny: 1001877705<\/p>\n\n\n\n<p>Odpov\u011bdn\u00fd z\u00e1stupce: Iva Hrub\u00e1<\/p>\n\n\n\n<p><\/p>\n","protected":false},"excerpt":{"rendered":"<p>Rostlinn\u00e1 v\u00fdroba Vedouc\u00ed: Kry\u0161tof Kreuziger tel: 583 440 131 \u017divo\u010di\u0161n\u00e1 v\u00fdroba Vedouc\u00ed: Ji\u0159\u00ed Posp\u00ed\u0161il tel: 737 605 664 St\u0159edisko slu\u017eeb Vedouc\u00ed: Libor Divi\u0161 tel: 583 440 302 Identifika\u010dn\u00ed \u010d\u00edslo provozovny: 1001877713 Odpov\u011bdn\u00fd z\u00e1stupce: Vladim\u00edr Sv\u011btl\u00edk Spr\u00e1vn\u00ed st\u0159edisko tel: 583 440 180 Z\u00e1vodn\u00ed j\u00eddelna tel: 733 180 054 Identifika\u010dn\u00ed \u010d\u00edslo provozovny: 1001877705 Odpov\u011bdn\u00fd z\u00e1stupce: Iva Hrub\u00e1<\/p>\n","protected":false},"author":1,"featured_media":0,"parent":0,"menu_order":5,"comment_status":"closed","ping_status":"closed","template":"","meta":{"footnotes":""},"class_list":["post-49","page","type-page","status-publish","hentry"],"_links":{"self":[{"href":"https:\/\/www.zeasbrezna.cz\/index.php\/wp-json\/wp\/v2\/pages\/49","targetHints":{"allow":["GET"]}}],"collection":[{"href":"https:\/\/www.zeasbrezna.cz\/index.php\/wp-json\/wp\/v2\/pages"}],"about":[{"href":"https:\/\/www.zeasbrezna.cz\/index.php\/wp-json\/wp\/v2\/types\/page"}],"author":[{"embeddable":true,"href":"https:\/\/www.zeasbrezna.cz\/index.php\/wp-json\/wp\/v2\/users\/1"}],"replies":[{"embeddable":true,"href":"https:\/\/www.zeasbrezna.cz\/index.php\/wp-json\/wp\/v2\/comments?post=49"}],"version-history":[{"count":5,"href":"https:\/\/www.zeasbrezna.cz\/index.php\/wp-json\/wp\/v2\/pages\/49\/revisions"}],"predecessor-version":[{"id":663,"href":"https:\/\/www.zeasbrezna.cz\/index.php\/wp-json\/wp\/v2\/pages\/49\/revisions\/663"}],"wp:attachment":[{"href":"https:\/\/www.zeasbrezna.cz\/index.php\/wp-json\/wp\/v2\/media?parent=49"}],"curies":[{"name":"wp","href":"https:\/\/api.w.org\/{rel}","templated":true}]}}